{"id":296,"date":"2026-02-13T12:31:37","date_gmt":"2026-02-13T12:31:37","guid":{"rendered":"https:\/\/luolanliekki.fi\/index.php\/menu\/"},"modified":"2026-02-27T15:28:09","modified_gmt":"2026-02-27T13:28:09","slug":"pizzakebab","status":"publish","type":"page","link":"https:\/\/luolanliekki.fi\/?page_id=296","title":{"rendered":"Pizza &#038; Kebab"},"content":{"rendered":"\t\t<div data-elementor-type=\"wp-page\" data-elementor-id=\"296\" class=\"elementor elementor-296\">\n\t\t\t\t<div class=\"elementor-element elementor-element-1ebcaac e-flex e-con-boxed e-con e-parent\" data-id=\"1ebcaac\" data-element_type=\"container\" data-e-type=\"container\" data-settings=\"{&quot;background_background&quot;:&quot;classic&quot;}\">\n\t\t\t\t\t<div class=\"e-con-inner\">\n\t\t<div class=\"elementor-element elementor-element-6ce519f e-flex e-con-boxed e-con e-child\" data-id=\"6ce519f\" data-element_type=\"container\" data-e-type=\"container\" data-settings=\"{&quot;background_background&quot;:&quot;classic&quot;}\">\n\t\t\t\t\t<div class=\"e-con-inner\">\n\t\t\t\t<div class=\"elementor-element elementor-element-f7f4b90 elementor-widget elementor-widget-heading\" data-id=\"f7f4b90\" data-element_type=\"widget\" data-e-type=\"widget\" data-widget_type=\"heading.default\">\n\t\t\t\t\t<h1 class=\"elementor-heading-title elementor-size-default\">Pizza&amp;Kebab Luolan liekki<\/h1>\t\t\t\t<\/div>\n\t\t\t\t<div class=\"elementor-element elementor-element-9342c41 elementor-widget__width-initial elementor-widget elementor-widget-text-editor\" data-id=\"9342c41\" data-element_type=\"widget\" data-e-type=\"widget\" data-widget_type=\"text-editor.default\">\n\t\t\t\t\t\t\t\t\t<p data-start=\"0\" data-end=\"227\">PizzaKebab Luolan Liekkiss\u00e4 valmistetaan hyv\u00e4lle pohjalle rakentaen ja huolella viimeistellen. Listalta l\u00f6yd\u00e4t reilut, maistuvat vaihtoehdot niin perinteisten makujen yst\u00e4ville kuin niille, jotka kaipaavat v\u00e4lill\u00e4 jotain uutta.<\/p><p data-start=\"229\" data-end=\"480\">K\u00e4yt\u00e4mme laadukkaita raaka-aineita ja pid\u00e4mme annokset tasalaatuisina \u2013 maku ja t\u00e4ytt\u00e4vyys ovat meille kunnia-asia. Suosittujen klassikoiden rinnalle nostamme aika ajoin my\u00f6s uusia vaihtoehtoja, jotta l\u00f6yd\u00e4t listalta aina jotain kokeilemisen arvoista.<\/p><p data-start=\"482\" data-end=\"608\" data-is-last-node=\"\" data-is-only-node=\"\">Voit tilata annokset k\u00e4tev\u00e4sti suoraan puhelimitse 040 7380933 tai <a href=\"https:\/\/wolt.com\/fi\/fin\/porvoo\/restaurant\/ravintola-luolan-liekki\">Woltin<\/a> kautta. Nauti paikan p\u00e4\u00e4ll\u00e4 tai tilaa mukaan \u2013 valinta on sinun.<\/p>\t\t\t\t\t\t\t\t<\/div>\n\t\t\t\t\t<\/div>\n\t\t\t\t<\/div>\n\t\t\t\t\t<\/div>\n\t\t\t\t<\/div>\n\t\t<div class=\"elementor-element elementor-element-e3ea22b e-grid e-con-boxed e-con e-parent\" data-id=\"e3ea22b\" data-element_type=\"container\" data-e-type=\"container\">\n\t\t\t\t\t<div class=\"e-con-inner\">\n\t\t\t\t<div class=\"elementor-element elementor-element-d8677ae elementor-widget elementor-widget-image\" data-id=\"d8677ae\" data-element_type=\"widget\" data-e-type=\"widget\" data-widget_type=\"image.default\">\n\t\t\t\t\t\t\t\t\t\t\t\t\t\t\t<img fetchpriority=\"high\" decoding=\"async\" width=\"309\" height=\"616\" src=\"https:\/\/luolanliekki.fi\/wp-content\/uploads\/2026\/02\/Pizza.jpeg\" class=\"attachment-large size-large wp-image-728\" alt=\"pizzat 1. Lucy - jauheliha 9\u20ac - 17\u20ac 2. Marga - tomaatti, mozzarella, rucola 10\u20ac - 18\u20ac 3. Flemma - kinkkusuikale, ananas, aurajuusto 11\u20ac - 19\u20ac 4. Brio - kanad\u00f6ner, ananas, aurajuusto 11\u20ac - 19 5. Cielo - tonnikala, katkarapu, simpukka 12\u20ac - 20\u20ac 6. Rustico - Salami, kinkkusuikale, tonnikala, katkarapu 12\u20ac - 20\u20ac 7. Fin - pepperoni, pekoni, feta, kananmuna 12\u20ac - 20\u20ac 8. Pepe - pepperoni, jalapeno, ananas, mozzarella 12\u20ac - 20\u20ac 9. Fiatro - jauheliha, pepperoni, ananas, kananmuna 12\u20ac - 20\u20ac 10. Velluto - kebab, tomaatti, sipuli, jalapeno 12\u20ac - 20\u20ac 11. VIvo - sipuli, paprika, herkkusieni, oliivi, feta 12\u20ac - 20\u20ac 12. Aurora - Mozzarella, feta, aurajuusto, parmesaani 12\u20ac - 20\u20ac 13. Sapore - salami, pekoni, jauheliha, sipuli 13\u20ac - 22\u20ac 14. Verde - pesto, mozzarella, pekoni, rucola 13\u20ac - 22\u20ac 15. Rose - Salami, mozzarella, sipuli, paprika 13\u20ac - 22\u20ac 16. Brava - pepperoni, tonnikala, jalapeno, paprika 13\u20ac - 22\u20ac 17. Lume - kanad\u00f6ner, kebab, tomaatti, aurajuusto 13\u20ac - 22\u20ac 18. BBQ kanad\u00f6ner, ananas, pepperoni, pekoni, bbq-kastike 13\u20ac - 22\u20ac 19. Liora - salami, kinkkusuikale, pekoni, katkarapu, herkkusieni 14\u20ac - 23\u20ac 20. Omavalinta 1 t\u00e4yte 9\u20ac - 17\u20ac, 2 t\u00e4ytett\u00e4 11\u20ac - 19\u20ac, 3 t\u00e4ytett\u00e4 12\u20ac - 20\u20ac, 4 t\u00e4ytett\u00e4 13\u20ac - 21\u20ac\" srcset=\"https:\/\/luolanliekki.fi\/wp-content\/uploads\/2026\/02\/Pizza.jpeg 309w, https:\/\/luolanliekki.fi\/wp-content\/uploads\/2026\/02\/Pizza-150x300.jpeg 150w\" sizes=\"(max-width: 309px) 100vw, 309px\" title=\"Pizza &amp; Kebab\">\t\t\t\t\t\t\t\t\t\t\t\t\t\t\t<\/div>\n\t\t\t\t<div class=\"elementor-element elementor-element-c6a7cb3 elementor-widget elementor-widget-image\" data-id=\"c6a7cb3\" data-element_type=\"widget\" data-e-type=\"widget\" data-widget_type=\"image.default\">\n\t\t\t\t\t\t\t\t\t\t\t\t\t\t\t<img decoding=\"async\" width=\"306\" height=\"616\" src=\"https:\/\/luolanliekki.fi\/wp-content\/uploads\/2026\/02\/Speciaali-Pizza-Kebab.jpeg\" class=\"attachment-large size-large wp-image-730\" alt=\"Speciaali pizzat 1. Luolan 1 - kebab, salaatti, tomaatti, kurkku, ranskalaiset, ajoli-kastike 14\u20ac - 23\u20ac 2. Luolan 2 - kana d\u00f6ner, salaatti, tomaatti, kurkku, ranskalaiset, currykastike 14\u20ac - 23\u20ac 3. Liekki 1 - kebab, jalapeno, tomaatti, ranskalaiset, smetanakastike 14\u20ac - 23\u20ac 4.Kana d\u00f6ner, jalapeno, tomaatti, ranskalaiset, currykastike 14\u20ac - 23\u20ac 5. AM spesial - kanad\u00f6ner, kebab, tomaatti, sipuli, ranskalaiset, bearnaisekastike 15\u20ac - 25\u20ac Kaikki pizzat sis\u00e4lt\u00e4\u00e4 kastikkeen ja juustoa. T\u00e4ytteet: Kebab, kanad\u00f6ner, kinkkusuikale, salami, pekoni, pepperoni, katkarapu, tonnikala, simpukka, jauheliha, ranskalaiset, kananmuna, herkkusieni, paprika, tomaatti, jalapeno, ananas, oliivi, sipuli, rukola, mozzarella, aurajuusto, feta, parmesaani, smetana, curry, aioli, bearnaise, bbq. Kebabit 1. pita kebab - pitaleip\u00e4, kebab, tomaattikastike - 9\u20ac 2. kebab salaatti - kebab, salaatti, tomaattikastike - 10\u20ac 3. Iskender kebab - kebab, kuutioleip\u00e4, jogurtti, tomaattikastike - 11\u20ac 4. kebab ranska - kebab, ranskalaiset, tomaattikastike - 11\u20ac 5. kebab lohko - kebab, lohkoperunat, tomaattikastike - 11\u20ac 6. kebab riisi - kebab, riis, tomaattikastike - 11\u20ac 7.Rulla kebab - lavasleip\u00e4, kebab, tomaattikastike - 12\u20ac 8. Special Mix - kebab, kanad\u00f6ner, ranskalaiset, tomaattikastike - 13\u20ac\" srcset=\"https:\/\/luolanliekki.fi\/wp-content\/uploads\/2026\/02\/Speciaali-Pizza-Kebab.jpeg 306w, https:\/\/luolanliekki.fi\/wp-content\/uploads\/2026\/02\/Speciaali-Pizza-Kebab-149x300.jpeg 149w\" sizes=\"(max-width: 306px) 100vw, 306px\" title=\"Pizza &amp; Kebab\">\t\t\t\t\t\t\t\t\t\t\t\t\t\t\t<\/div>\n\t\t\t\t<div class=\"elementor-element elementor-element-119d5de elementor-widget elementor-widget-heading\" data-id=\"119d5de\" data-element_type=\"widget\" data-e-type=\"widget\" data-widget_type=\"heading.default\">\n\t\t\t\t\t<h2 class=\"elementor-heading-title elementor-size-default\">Menu<\/h2>\t\t\t\t<\/div>\n\t\t\t\t<div class=\"elementor-element elementor-element-b0297a6 elementor-widget elementor-widget-image\" data-id=\"b0297a6\" data-element_type=\"widget\" data-e-type=\"widget\" data-widget_type=\"image.default\">\n\t\t\t\t\t\t\t\t\t\t\t\t\t\t\t<img decoding=\"async\" width=\"294\" height=\"616\" src=\"https:\/\/luolanliekki.fi\/wp-content\/uploads\/2026\/02\/Doner-Kana.jpeg\" class=\"attachment-large size-large wp-image-755\" alt=\"D\u00f6ner - 1. Pita d\u00f6ner - pitaleip\u00e4, kanad\u00f6ner, curry - 9\u20ac, 2. D\u00f6ner salaatti - kanad\u00f6ner, salaatti, curry - 10\u20ac 3. Iskender d\u00f6ner - kanad\u00f6ner, kuutioleip\u00e4, jogurtti, curry - 11\u20ac, 4. D\u00f6ner ranska - kanad\u00f6ner, ranskalaiset, curry - 11\u20ac, 5. D\u00f6ner lohko - kanad\u00f6ner, lohko, curry - 11\u20ac, 6. D\u00f6ner riisi - kanad\u00f6ner, riisi, curry - 11\u20ac 7. D\u00f6ner rulla - lavasleip\u00e4, kanad\u00f6ner, curry - 12\u20ac Kana-annokset 1. Pita Kanafile - pitaleip\u00e4, kanafile, curry - 9\u20ac, 2. Kanafile salaatti - kanafile, salaatti, curry - 10\u20ac 3. Iskender kanafile - kuutioleip\u00e4, kanafile, jogurtti, curry - 11\u20ac 4. Kalafile ranska - Kanafile, ranskalaiset, curry - 11\u20ac, 5. Kanafile lohko - kanafile, lohko, curry - 11\u20ac, 6. Kanafile riisi - kanafile, riisi, curry - 11\u20ac 7. Kanafile rulla - lavasleip\u00e4, kanafile, curry - 12 \u20ac Tuplaliha - kebab, d\u00f6ner, falafel ja kana-annoksiin 4\u20ac\" srcset=\"https:\/\/luolanliekki.fi\/wp-content\/uploads\/2026\/02\/Doner-Kana.jpeg 294w, https:\/\/luolanliekki.fi\/wp-content\/uploads\/2026\/02\/Doner-Kana-143x300.jpeg 143w\" sizes=\"(max-width: 294px) 100vw, 294px\" title=\"Pizza &amp; Kebab\">\t\t\t\t\t\t\t\t\t\t\t\t\t\t\t<\/div>\n\t\t\t\t<div class=\"elementor-element elementor-element-1221e53 elementor-widget elementor-widget-image\" data-id=\"1221e53\" data-element_type=\"widget\" data-e-type=\"widget\" data-widget_type=\"image.default\">\n\t\t\t\t\t\t\t\t\t\t\t\t\t\t\t<img loading=\"lazy\" decoding=\"async\" width=\"293\" height=\"616\" src=\"https:\/\/luolanliekki.fi\/wp-content\/uploads\/2026\/02\/Falafel-Speciaali-calzone-Hot-wings.jpeg\" class=\"attachment-large size-large wp-image-754\" alt=\"Falafel 1. PIta falafel - pitaleip\u00e4, falafel, jogurtti, tomaattikastike 2. Falafel salaatti - falafel, salaatti, jogurtti, tomaattikastike 3. Iskender Falafel - falafel, kuutioleip\u00e4, jogurtti, tomaattikastike - 11\u20ac 4. Falafel ranska - falafel, ranskalaiset, jogurtti, tomaattikastike - 11\u20ac 5. Falafel lohko - falafel, lohkoperunat, jogurtti, tomaattikastike - 11\u20ac 6. falafel riisi - falafel, riisi, jogurtti, tomaattikastike - 11\u20ac 7. falafel rulla - lavasleip\u00e4, falafel, jogurtti, tomaattikastike - 12\u20ac Speciaali calzone 1. Kana d\u00f6ner - kana, ananas, aurajuusto - 13\u20ac 2. Kebab - kebab, sipuli, tomaatti, jalapeno - 13\u20ac 3. Kinkkusuikale - kinkkusuikale, salami, pekoni, sipuli - 13\u20ac 4. Spesial Mix - kana, kebab, ananas, jalapeno, feta - 15\u20ac Calzonet sis\u00e4lt\u00e4v\u00e4t juuston ja bearnaisekastikkeen. Hot wings 1. 6 kpl normaali 7\u20ac ateria 11 2. 12 kpl 12\u20ac - 16\u20ac 3. 18 kpl 14\u20ac - 18\u20ac 4. 24 kpl 20kpl 20\u20ac - 24\u20ac Ateria sis\u00e4lt\u00e4\u00e4 ranskalaiset ja juoman 0,33. Hot wing annokseen tulee aina Hot wings kastike\" srcset=\"https:\/\/luolanliekki.fi\/wp-content\/uploads\/2026\/02\/Falafel-Speciaali-calzone-Hot-wings.jpeg 293w, https:\/\/luolanliekki.fi\/wp-content\/uploads\/2026\/02\/Falafel-Speciaali-calzone-Hot-wings-143x300.jpeg 143w\" sizes=\"(max-width: 293px) 100vw, 293px\" title=\"Pizza &amp; Kebab\">\t\t\t\t\t\t\t\t\t\t\t\t\t\t\t<\/div>\n\t\t\t\t<div class=\"elementor-element elementor-element-440f8af elementor-widget elementor-widget-image\" data-id=\"440f8af\" data-element_type=\"widget\" data-e-type=\"widget\" data-widget_type=\"image.default\">\n\t\t\t\t\t\t\t\t\t\t\t\t\t\t\t<img loading=\"lazy\" decoding=\"async\" width=\"286\" height=\"600\" src=\"https:\/\/luolanliekki.fi\/wp-content\/uploads\/2026\/02\/Makkaraperunat-Gyros-Lasten-annokset-Juomat.jpeg\" class=\"attachment-large size-large wp-image-753\" alt=\"Makkaraperunat 1. makkaraperunat - makkara, ranskalaiset, kurkkusalaatti, punasipuli, ketsuppi, sinappi - 11\u20ac Gyros 1. kana d\u00f6ner gyros - kana, ranskalaiset - 8\u20ac, 2. Kebab Gyros - kebab, ranskalaiset - 8\u20ac 3. Mix Gyros - kana. kebab, ranskalaiset - 10\u20ac Kaikki Gyrokset sis\u00e4lt\u00e4v\u00e4t salaatti, tomaatti, kurkku, sipuli, salaattikastike Lasten annokset 1. Pizza 2:lla t\u00e4ytteell\u00e4 - 7\u20ac 2. Nugetit ja ranskalaiset - 7\u20ac 3. Nakit ja ranskalaiset - 7\u20ac 4. pelk\u00e4t ranskalaiset - 5\u20ac Kastikkeet Curry ja ketsuppi. Juomat: juoma 0,33l - 2,50\u20ac, juoma 0,5l - 3.50\u20ac, juoma 1.5l - 5,00\u20ac\" srcset=\"https:\/\/luolanliekki.fi\/wp-content\/uploads\/2026\/02\/Makkaraperunat-Gyros-Lasten-annokset-Juomat.jpeg 286w, https:\/\/luolanliekki.fi\/wp-content\/uploads\/2026\/02\/Makkaraperunat-Gyros-Lasten-annokset-Juomat-143x300.jpeg 143w\" sizes=\"(max-width: 286px) 100vw, 286px\" title=\"Pizza &amp; Kebab\">\t\t\t\t\t\t\t\t\t\t\t\t\t\t\t<\/div>\n\t\t\t\t\t<\/div>\n\t\t\t\t<\/div>\n\t\t<div class=\"elementor-element elementor-element-b9eb01c e-grid e-con-boxed e-con e-parent\" data-id=\"b9eb01c\" data-element_type=\"container\" data-e-type=\"container\">\n\t\t\t\t\t<div class=\"e-con-inner\">\n\t\t\t\t<div class=\"elementor-element elementor-element-6d17c86 elementor-widget elementor-widget-image\" data-id=\"6d17c86\" data-element_type=\"widget\" data-e-type=\"widget\" data-widget_type=\"image.default\">\n\t\t\t\t\t\t\t\t\t\t\t\t\t\t\t<img loading=\"lazy\" decoding=\"async\" width=\"467\" height=\"461\" src=\"https:\/\/luolanliekki.fi\/wp-content\/uploads\/2026\/02\/Doner-ranskalaisilla.jpg\" class=\"attachment-large size-large wp-image-705\" alt=\"d\u00f6ner ranskalaisilla - annoskuva\" srcset=\"https:\/\/luolanliekki.fi\/wp-content\/uploads\/2026\/02\/Doner-ranskalaisilla.jpg 467w, https:\/\/luolanliekki.fi\/wp-content\/uploads\/2026\/02\/Doner-ranskalaisilla-300x296.jpg 300w\" sizes=\"(max-width: 467px) 100vw, 467px\" title=\"Pizza &amp; Kebab\">\t\t\t\t\t\t\t\t\t\t\t\t\t\t\t<\/div>\n\t\t\t\t<div class=\"elementor-element elementor-element-2b54db9 elementor-widget elementor-widget-image\" data-id=\"2b54db9\" data-element_type=\"widget\" data-e-type=\"widget\" data-widget_type=\"image.default\">\n\t\t\t\t\t\t\t\t\t\t\t\t\t\t\t<img loading=\"lazy\" decoding=\"async\" width=\"540\" height=\"540\" src=\"https:\/\/luolanliekki.fi\/wp-content\/uploads\/2026\/02\/Verde.jpg\" class=\"attachment-large size-large wp-image-680\" alt=\"verde - annoskuva\" srcset=\"https:\/\/luolanliekki.fi\/wp-content\/uploads\/2026\/02\/Verde.jpg 540w, https:\/\/luolanliekki.fi\/wp-content\/uploads\/2026\/02\/Verde-300x300.jpg 300w, https:\/\/luolanliekki.fi\/wp-content\/uploads\/2026\/02\/Verde-150x150.jpg 150w\" sizes=\"(max-width: 540px) 100vw, 540px\" title=\"Pizza &amp; Kebab\">\t\t\t\t\t\t\t\t\t\t\t\t\t\t\t<\/div>\n\t\t\t\t<div class=\"elementor-element elementor-element-5d6d8c9 elementor-widget elementor-widget-image\" data-id=\"5d6d8c9\" data-element_type=\"widget\" data-e-type=\"widget\" data-widget_type=\"image.default\">\n\t\t\t\t\t\t\t\t\t\t\t\t\t\t\t<img loading=\"lazy\" decoding=\"async\" width=\"806\" height=\"782\" src=\"https:\/\/luolanliekki.fi\/wp-content\/uploads\/2026\/02\/falafel_riisilla.jpg\" class=\"attachment-large size-large wp-image-704\" alt=\"falafel riisill\u00e4 - annoskuva\" srcset=\"https:\/\/luolanliekki.fi\/wp-content\/uploads\/2026\/02\/falafel_riisilla.jpg 806w, https:\/\/luolanliekki.fi\/wp-content\/uploads\/2026\/02\/falafel_riisilla-300x291.jpg 300w, https:\/\/luolanliekki.fi\/wp-content\/uploads\/2026\/02\/falafel_riisilla-768x745.jpg 768w\" sizes=\"(max-width: 806px) 100vw, 806px\" title=\"Pizza &amp; Kebab\">\t\t\t\t\t\t\t\t\t\t\t\t\t\t\t<\/div>\n\t\t\t\t\t<\/div>\n\t\t\t\t<\/div>\n\t\t\t\t<\/div>\n\t\t","protected":false},"excerpt":{"rendered":"<p>Pizza&amp;Kebab Luolan liekki PizzaKebab Luolan Liekkiss\u00e4 valmistetaan hyv\u00e4lle pohjalle rakentaen ja huolella viimeistellen. Listalta l\u00f6yd\u00e4t reilut, maistuvat vaihtoehdot niin perinteisten makujen yst\u00e4ville kuin niille, jotka kaipaavat v\u00e4lill\u00e4 jotain uutta. K\u00e4yt\u00e4mme laadukkaita raaka-aineita ja pid\u00e4mme annokset tasalaatuisina \u2013 maku ja t\u00e4ytt\u00e4vyys ovat meille kunnia-asia. Suosittujen klassikoiden rinnalle nostamme aika ajoin my\u00f6s uusia vaihtoehtoja, jotta l\u00f6yd\u00e4t listalta [&hellip;]<\/p>\n","protected":false},"author":1,"featured_media":0,"parent":0,"menu_order":0,"comment_status":"closed","ping_status":"closed","template":"","meta":{"site-sidebar-layout":"no-sidebar","site-content-layout":"","ast-site-content-layout":"full-width-container","site-content-style":"default","site-sidebar-style":"default","ast-global-header-display":"","ast-banner-title-visibility":"","ast-main-header-display":"","ast-hfb-above-header-display":"","ast-hfb-below-header-display":"","ast-hfb-mobile-header-display":"","site-post-title":"","ast-breadcrumbs-content":"","ast-featured-img":"disabled","footer-sml-layout":"","ast-disable-related-posts":"","theme-transparent-header-meta":"disabled","adv-header-id-meta":"","stick-header-meta":"","header-above-stick-meta":"","header-main-stick-meta":"","header-below-stick-meta":"","astra-migrate-meta-layouts":"default","ast-page-background-enabled":"default","ast-page-background-meta":{"desktop":{"background-color":"var(--ast-global-color-5)","background-image":"","background-repeat":"repeat","background-position":"center center","background-size":"auto","background-attachment":"scroll","background-type":"","background-media":"","overlay-type":"","overlay-color":"","overlay-opacity":"","overlay-gradient":""},"tablet":{"background-color":"","background-image":"","background-repeat":"repeat","background-position":"center center","background-size":"auto","background-attachment":"scroll","background-type":"","background-media":"","overlay-type":"","overlay-color":"","overlay-opacity":"","overlay-gradient":""},"mobile":{"background-color":"","background-image":"","background-repeat":"repeat","background-position":"center center","background-size":"auto","background-attachment":"scroll","background-type":"","background-media":"","overlay-type":"","overlay-color":"","overlay-opacity":"","overlay-gradient":""}},"ast-content-background-meta":{"desktop":{"background-color":"var(--ast-global-color-4)","background-image":"","background-repeat":"repeat","background-position":"center center","background-size":"auto","background-attachment":"scroll","background-type":"","background-media":"","overlay-type":"","overlay-color":"","overlay-opacity":"","overlay-gradient":""},"tablet":{"background-color":"var(--ast-global-color-4)","background-image":"","background-repeat":"repeat","background-position":"center center","background-size":"auto","background-attachment":"scroll","background-type":"","background-media":"","overlay-type":"","overlay-color":"","overlay-opacity":"","overlay-gradient":""},"mobile":{"background-color":"var(--ast-global-color-4)","background-image":"","background-repeat":"repeat","background-position":"center center","background-size":"auto","background-attachment":"scroll","background-type":"","background-media":"","overlay-type":"","overlay-color":"","overlay-opacity":"","overlay-gradient":""}},"footnotes":""},"class_list":["post-296","page","type-page","status-publish","hentry"],"_links":{"self":[{"href":"https:\/\/luolanliekki.fi\/index.php?rest_route=\/wp\/v2\/pages\/296","targetHints":{"allow":["GET"]}}],"collection":[{"href":"https:\/\/luolanliekki.fi\/index.php?rest_route=\/wp\/v2\/pages"}],"about":[{"href":"https:\/\/luolanliekki.fi\/index.php?rest_route=\/wp\/v2\/types\/page"}],"author":[{"embeddable":true,"href":"https:\/\/luolanliekki.fi\/index.php?rest_route=\/wp\/v2\/users\/1"}],"replies":[{"embeddable":true,"href":"https:\/\/luolanliekki.fi\/index.php?rest_route=%2Fwp%2Fv2%2Fcomments&post=296"}],"version-history":[{"count":28,"href":"https:\/\/luolanliekki.fi\/index.php?rest_route=\/wp\/v2\/pages\/296\/revisions"}],"predecessor-version":[{"id":866,"href":"https:\/\/luolanliekki.fi\/index.php?rest_route=\/wp\/v2\/pages\/296\/revisions\/866"}],"wp:attachment":[{"href":"https:\/\/luolanliekki.fi\/index.php?rest_route=%2Fwp%2Fv2%2Fmedia&parent=296"}],"curies":[{"name":"wp","href":"https:\/\/api.w.org\/{rel}","templated":true}]}}